{"id":1232,"date":"2021-12-27T14:23:45","date_gmt":"2021-12-27T13:23:45","guid":{"rendered":"https:\/\/telehaus.pl\/?page_id=1232"},"modified":"2024-10-08T07:54:34","modified_gmt":"2024-10-08T05:54:34","slug":"company-history","status":"publish","type":"page","link":"https:\/\/telehaus.pl\/en\/company-history\/","title":{"rendered":"Company history"},"content":{"rendered":"\n<div class=\"wp-block-group wow animate__animated animate__fadeIn\"><div class=\"wp-block-group__inner-container is-layout-flow wp-block-group-is-layout-flow\">\n<div class=\"wp-block-columns is-layout-flex wp-container-core-columns-is-layout-9d6595d7 wp-block-columns-is-layout-flex\">\n<div class=\"wp-block-column is-layout-flow wp-block-column-is-layout-flow\" style=\"flex-basis:100%\">\n<p>Tele Haus Servis Ltd. belongs to the Vinci group and was established in its current form in 2022, as a result of changes in ownership.<\/p>\n\n\n\n<p>However, the history of the company is inseparably connected to the now-defunct companies Tel-Team Investments Ltd. and Tele Haus Poland Ltd. and dates back to 1998. Initially, both companies carried out the activities of telecommunications operators and dealt with the lease, construction and maintenance of optical fibre network systems. Additionally, the two above-mentioned companies built 600 km of their own optical fiber network systems in the area of Warsaw and 500 km in the areas of Pozna\u0144 and Wroc\u0142aw. In 2014, Tele Haus Poland Ltd. acquired Tele Haus Krak\u00f3w Ltd. and thus took over a further 120 km of optical fiber network systems.<\/p>\n\n\n\n<p>In the meantime, GTS acquired shares in both companies and then T-Mobile Polska Joint Stock Company further acquired the shares becoming the sole shareholder of Tele Haus Servis Ltd.&nbsp;As a result of the work and commitment of many people, two small companies belonging to the T-mobile group, merged into one thriving company in 2019. This allowed for a division within the newly acquired group creating a branch responsible for providing services and a branch responsible for the infrastructure. This division allowed for the founding of a new company Tele Haus Servis Ltd. in mid-2020. The abovementioned transitions allowed Tele Haus to provide services under a new name thus allowing the company to provide more services to its customers.<\/p>\n\n\n\n<h3 class=\"wp-block-heading has-text-align-center pb-4 pt-4\"><strong><strong><strong>Today Tele Haus Serwis Ltd.:<\/strong><\/strong><\/strong><\/h3>\n\n\n\n<div class=\"wp-block-columns is-layout-flex wp-container-core-columns-is-layout-9d6595d7 wp-block-columns-is-layout-flex\">\n<div class=\"wp-block-column is-layout-flow wp-block-column-is-layout-flow\"><div class=\"icon-item position-relative\"><div class=\"ikonka-rozmiar\"><svg aria-hidden=\"true\" focusable=\"false\" data-prefix=\"fat\" data-icon=\"buildings\" class=\"svg-inline--fa fa-buildings\" role=\"img\" xmlns=\"http:\/\/www.w3.org\/2000\/svg\" viewBox=\"0 0 512 512\"><path fill=\"currentColor\" d=\"M368 344C368 330.7 378.7 320 392 320H424C437.3 320 448 330.7 448 344V376C448 389.3 437.3 400 424 400H392C378.7 400 368 389.3 368 376V344zM424 384C428.4 384 432 380.4 432 376V344C432 339.6 428.4 336 424 336H392C387.6 336 384 339.6 384 344V376C384 380.4 387.6 384 392 384H424zM392 272C378.7 272 368 261.3 368 248V216C368 202.7 378.7 192 392 192H424C437.3 192 448 202.7 448 216V248C448 261.3 437.3 272 424 272H392zM384 248C384 252.4 387.6 256 392 256H424C428.4 256 432 252.4 432 248V216C432 211.6 428.4 208 424 208H392C387.6 208 384 211.6 384 216V248zM256 344C256 330.7 266.7 320 280 320H312C325.3 320 336 330.7 336 344V376C336 389.3 325.3 400 312 400H280C266.7 400 256 389.3 256 376V344zM312 384C316.4 384 320 380.4 320 376V344C320 339.6 316.4 336 312 336H280C275.6 336 272 339.6 272 344V376C272 380.4 275.6 384 280 384H312zM312 72C325.3 72 336 82.75 336 96V128C336 141.3 325.3 152 312 152H280C266.7 152 256 141.3 256 128V96C256 82.75 266.7 72 280 72H312zM272 128C272 132.4 275.6 136 280 136H312C316.4 136 320 132.4 320 128V96C320 91.58 316.4 88 312 88H280C275.6 88 272 91.58 272 96V128zM256 216C256 202.7 266.7 192 280 192H312C325.3 192 336 202.7 336 216V248C336 261.3 325.3 272 312 272H280C266.7 272 256 261.3 256 248V216zM312 256C316.4 256 320 252.4 320 248V216C320 211.6 316.4 208 312 208H280C275.6 208 272 211.6 272 216V248C272 252.4 275.6 256 280 256H312zM424 72C437.3 72 448 82.75 448 96V128C448 141.3 437.3 152 424 152H392C378.7 152 368 141.3 368 128V96C368 82.75 378.7 72 392 72H424zM384 128C384 132.4 387.6 136 392 136H424C428.4 136 432 132.4 432 128V96C432 91.58 428.4 88 424 88H392C387.6 88 384 91.58 384 96V128zM192 64C192 28.65 220.7 0 256 0H448C483.3 0 512 28.65 512 64V448C512 483.3 483.3 512 448 512H256C220.7 512 192 483.3 192 448V64zM208 64V448C208 474.5 229.5 496 256 496H448C474.5 496 496 474.5 496 448V64C496 37.49 474.5 16 448 16H256C229.5 16 208 37.49 208 64zM160 128C164.4 128 168 131.6 168 136C168 140.4 164.4 144 160 144H56C33.91 144 16 161.9 16 184V456C16 478.1 33.91 496 56 496H176C180.4 496 184 499.6 184 504C184 508.4 180.4 512 176 512H56C25.07 512 0 486.9 0 456V184C0 153.1 25.07 128 56 128H160zM64 344C64 330.7 74.75 320 88 320H120C133.3 320 144 330.7 144 344V376C144 389.3 133.3 400 120 400H88C74.75 400 64 389.3 64 376V344zM88 336C83.58 336 80 339.6 80 344V376C80 380.4 83.58 384 88 384H120C124.4 384 128 380.4 128 376V344C128 339.6 124.4 336 120 336H88zM120 192C133.3 192 144 202.7 144 216V248C144 261.3 133.3 272 120 272H88C74.75 272 64 261.3 64 248V216C64 202.7 74.75 192 88 192H120zM80 248C80 252.4 83.58 256 88 256H120C124.4 256 128 252.4 128 248V216C128 211.6 124.4 208 120 208H88C83.58 208 80 211.6 80 216V248z\"><\/path><\/svg><\/div><h3 class=\"ikonka\">5 locations<\/h3><div class=\"icon-description\"><p>is located in Pozna\u0144, and thanks to other cities in Poland such as: Koby\u0142ka\/ Warsaw, Krak\u00f3w, Gda\u0144sk and Wroc\u0142aw we are able to provide serives in the whole country<\/p><\/div><\/div><\/div>\n\n\n\n<div class=\"wp-block-column is-layout-flow wp-block-column-is-layout-flow\"><div class=\"icon-item position-relative\"><div class=\"ikonka-rozmiar\"><svg aria-hidden=\"true\" focusable=\"false\" data-prefix=\"fat\" data-icon=\"users\" class=\"svg-inline--fa fa-users\" role=\"img\" xmlns=\"http:\/\/www.w3.org\/2000\/svg\" viewBox=\"0 0 640 512\"><path fill=\"currentColor\" d=\"M556.5 192H480c-5.969 0-11.97 .7031-17.84 2.094c-4.297 1.016-6.953 5.328-5.938 9.625C457.2 208 461.5 210.8 465.8 209.7C470.5 208.6 475.3 208 480 208h76.5C593.7 208 624 240.3 624 280C624 284.4 620.8 288 616.9 288H448c-4.422 0-8 3.578-8 8S443.6 304 448 304h168.9C629.6 304 640 293.2 640 280C640 231.5 602.5 192 556.5 192zM512 160c44.18 0 80-35.82 80-80S556.2 0 512 0c-44.18 0-80 35.82-80 80S467.8 160 512 160zM512 16c35.29 0 64 28.71 64 64s-28.71 64-64 64s-64-28.71-64-64S476.7 16 512 16zM128 160c44.18 0 80-35.82 80-80S172.2 0 128 0C83.82 0 48 35.82 48 80S83.82 160 128 160zM128 16c35.29 0 64 28.71 64 64s-28.71 64-64 64s-64-28.71-64-64S92.71 16 128 16zM200 296C200 291.6 196.4 288 192 288H23.09C19.19 288 16 284.4 16 280c0-39.7 30.28-72 67.5-72H160c4.734 0 9.5 .5625 14.16 1.656C178.5 210.8 182.8 208 183.8 203.7c1.016-4.297-1.641-8.609-5.938-9.625C171.1 192.7 165.1 192 160 192H83.5C37.45 192 0 231.5 0 280C0 293.2 10.36 304 23.09 304H192C196.4 304 200 300.4 200 296zM319.9 320c57.41 0 103.1-46.56 103.1-104c0-57.44-46.54-104-103.1-104c-57.41 0-103.1 46.56-103.1 104C215.9 273.4 262.5 320 319.9 320zM319.9 128c48.5 0 87.96 39.48 87.96 88S368.4 304 319.9 304S231.9 264.5 231.9 216S271.4 128 319.9 128zM369.9 352H270.1C191.6 352 128 411.7 128 485.3C128 500.1 140.7 512 156.4 512h327.2C499.3 512 512 500.1 512 485.3C512 411.7 448.4 352 369.9 352zM483.6 496H156.4C149.6 496 144 491.2 144 485.3C144 420.6 200.6 368 270.1 368H369.9c69.54 0 126.1 52.63 126.1 117.3C496 491.2 490.4 496 483.6 496z\"><\/path><\/svg><\/div><h3 class=\"ikonka\">Employs experienced staff<\/h3><div class=\"icon-description\"><p>90 people employed on a permanent contract basis<\/p><\/div><\/div><\/div>\n\n\n\n<div class=\"wp-block-column is-layout-flow wp-block-column-is-layout-flow\"><div class=\"icon-item position-relative\"><div class=\"ikonka-rozmiar\"><svg aria-hidden=\"true\" focusable=\"false\" data-prefix=\"fat\" data-icon=\"network-wired\" class=\"svg-inline--fa fa-network-wired\" role=\"img\" xmlns=\"http:\/\/www.w3.org\/2000\/svg\" viewBox=\"0 0 640 512\"><path fill=\"currentColor\" d=\"M608 320h-88V264h112C636.4 264 640 260.4 640 256s-3.594-8-8-8h-304V192H416c17.67 0 32-14.33 32-32V32c0-17.67-14.33-32-32-32H224C206.3 0 192 14.33 192 32v128c0 17.67 14.33 32 32 32h88v56h-304C3.594 248 0 251.6 0 256s3.594 8 8 8h112V320H32c-17.67 0-32 14.33-32 32v128c0 17.67 14.33 32 32 32h192c17.67 0 32-14.33 32-32v-128c0-17.67-14.33-32-32-32H136V264h368V320H416c-17.67 0-32 14.33-32 32v128c0 17.67 14.33 32 32 32h192c17.67 0 32-14.33 32-32v-128C640 334.3 625.7 320 608 320zM208 160V32c0-8.822 7.178-16 16-16h192c8.822 0 16 7.178 16 16v128c0 8.822-7.178 16-16 16H224C215.2 176 208 168.8 208 160zM224 336c8.822 0 16 7.178 16 16v128c0 8.822-7.178 16-16 16H32c-8.822 0-16-7.178-16-16v-128c0-8.822 7.178-16 16-16H224zM624 480c0 8.822-7.178 16-16 16h-192c-8.822 0-16-7.178-16-16v-128c0-8.822 7.178-16 16-16h192c8.822 0 16 7.178 16 16V480z\"><\/path><\/svg><\/div><h3 class=\"ikonka\">6000 km of optical fiber <\/h3><div class=\"icon-description\"><p>has 6000 km of optical fiber network systems, which are a part of a nation-wide telecommunication operator network system<\/p><\/div><\/div><\/div>\n<\/div>\n\n\n\n<div class=\"wp-block-columns is-layout-flex wp-container-core-columns-is-layout-9d6595d7 wp-block-columns-is-layout-flex\">\n<div class=\"wp-block-column is-layout-flow wp-block-column-is-layout-flow\"><div class=\"icon-item position-relative\"><div class=\"ikonka-rozmiar\"><svg aria-hidden=\"true\" focusable=\"false\" data-prefix=\"fat\" data-icon=\"file-signature\" class=\"svg-inline--fa fa-file-signature\" role=\"img\" xmlns=\"http:\/\/www.w3.org\/2000\/svg\" viewBox=\"0 0 576 512\"><path fill=\"currentColor\" d=\"M567.2 142.4l-37.56-37.56c-5.859-5.859-13.54-8.789-21.23-8.789s-15.37 2.93-21.23 8.789L275.4 316.6c-1.396 1.395-2.348 3.172-2.738 5.109L256.1 400H243.3l-24-24c-6.031-6.062-16.59-6.062-22.62 0l-17.89 17.91l-28.02-67.25c-5-12-24.56-12-29.56 0L90.67 400H72C67.58 400 64 403.6 64 408S67.58 416 72 416H96c3.234 0 6.141-1.938 7.391-4.938L136 332.8l32.61 78.28c2.191 5.25 8.975 6.625 13.05 2.594L208 387.3l26.34 26.34C235.8 415.2 237.9 416 240 416c0 0 27.27-.0664 27.95-.2031l82.32-16.46c1.938-.3906 3.715-1.34 5.111-2.734l211.8-211.8C578.9 173.1 578.9 154.1 567.2 142.4zM345.4 384l-71.74 14.45l14.36-71.82l157.7-157.7l57.38 57.38L345.4 384zM555.9 173.5l-41.55 41.54l-57.38-57.38l41.54-41.54c5.471-5.469 14.35-5.477 19.83 0l37.56 37.56C561.4 159.1 561.4 168 555.9 173.5zM376 432c-4.418 0-8 3.582-8 8V448c0 26.51-21.49 48-48 48H64c-26.51 0-48-21.49-48-48V64c0-26.51 21.49-48 48-48h144v120c0 22.09 17.91 40 40 40h133.3C382.8 176 384 174.8 384 173.3c0-8.488-3.373-16.63-9.375-22.63L233.4 9.367C227.4 3.367 219.2 0 210.7 0H63.93C28.58 0 0 28.65 0 64l.0065 384c0 35.34 28.58 64 63.93 64H320c35.35 0 64-28.66 64-64v-8C384 435.6 380.4 432 376 432zM224 22.63L361.4 160H248C234.8 160 224 149.2 224 136V22.63z\"><\/path><\/svg><\/div><h3 class=\"ikonka\">2000 projects annually<\/h3><div class=\"icon-description\"><p>executes approximately 2000 projects annually<\/p><\/div><\/div><\/div>\n\n\n\n<div class=\"wp-block-column is-layout-flow wp-block-column-is-layout-flow\"><div class=\"icon-item position-relative\"><div class=\"ikonka-rozmiar\"><svg aria-hidden=\"true\" focusable=\"false\" data-prefix=\"fat\" data-icon=\"screwdriver-wrench\" class=\"svg-inline--fa fa-screwdriver-wrench\" role=\"img\" xmlns=\"http:\/\/www.w3.org\/2000\/svg\" viewBox=\"0 0 512 512\"><path fill=\"currentColor\" d=\"M227.3 378.1c-2.385-4.816-8.733-6.089-12.54-2.288l-102.3 102.1c-21.72 21.68-57.39 23.85-79.75 2.818c-23.13-21.77-23.56-58.06-1.217-80.37l150.5-150.2c3.027-3.02 3.027-7.918 0-10.94L181.7 238.8c-3.027-3.02-7.932-3.02-10.96 .002l-148.7 148.5c-28.43 28.38-29.88 76.27-1.078 104.3C34.93 505.2 53.07 512 71.23 512c18.47 0 36.91-7.031 50.1-21.09l103.8-103.6C228.4 384.9 228.9 381.2 227.3 378.1C227.3 378.1 227.4 378.2 227.3 378.1zM222.6 76.15C225.8 80.14 231.8 80.02 234.8 75.86c19.6-27.26 48.34-47.67 81.77-55.66c16.65-3.979 41.91-7 68.42-.0703l-81.38 81.24V208h106.8l81.56-81.48c5.381 22.35 5.301 45.41-.2422 68.54c-7.352 30.67-25.18 57.46-49.19 76.83c-3.512 2.834-3.631 8.162-.4355 11.35c2.775 2.766 7.447 3.307 10.5 .8438c26.64-21.53 46.55-51.21 54.72-85.3c6.369-26.58 5.941-52.31 .2383-76c-1.84-7.641-8.664-12.07-15.66-12.07c-4.07 0-8.195 1.498-11.43 4.73L403.8 192H319.7V108l76.69-76.56c8.791-8.777 4.875-24.1-7.213-27.01C377.1 1.545 364.6 .002 351.7 0c-12.64 0-25.64 1.484-38.85 4.641c-37.16 8.873-69.25 31.49-91.1 61.71C219.8 69.13 219.9 72.98 222.1 75.61C222.3 75.79 222.4 75.97 222.6 76.15zM63.22 432c0 8.836 7.176 16 16.03 16s16.03-7.164 16.03-16c0-8.838-7.178-16-16.03-16S63.22 423.2 63.22 432zM385.3 271.6c-29.41-29.38-75.94-30.82-107.5-5.082L200 188.7V101c0-2.5-1.172-4.844-3.156-6.375l-122-92.1c-3.141-2.438-7.656-2.125-10.5 .7187l-62 61.1C-.4844 67.2-.7969 71.67 1.641 74.86l93.01 121.1c1.516 2 3.859 3.156 6.359 3.156h87.69l77.79 77.79c-25.77 31.55-24.32 78.08 5.086 107.5l113.7 113.8C393.9 507.7 405.3 512 416.6 512s22.64-4.312 31.24-12.91l51.27-51.25c17.17-17.19 17.17-45.25 .0313-62.56L385.3 271.6zM184 184H104.1L18.61 70.73l52.11-52.12l113.3 86.37V184zM487.8 436.5l-51.27 51.25c-10.98 10.97-28.92 10.94-39.96-.0313l-113.7-113.8c-25.1-25.12-25.1-65.97 0-91.09c25.12-25.06 65.97-25.06 91.1 0l113.8 113.7C498.7 407.6 498.8 425.6 487.8 436.5z\"><\/path><\/svg><\/div><h3 class=\"ikonka\">Modern equipment <\/h3><div class=\"icon-description\"><p>is equipped with sophisticated and modern equipment which allows for the execution of projects<\/p><\/div><\/div><\/div>\n\n\n\n<div class=\"wp-block-column is-layout-flow wp-block-column-is-layout-flow\"><div class=\"icon-item position-relative\"><div class=\"ikonka-rozmiar\"><svg aria-hidden=\"true\" focusable=\"false\" data-prefix=\"fat\" data-icon=\"star\" class=\"svg-inline--fa fa-star\" role=\"img\" xmlns=\"http:\/\/www.w3.org\/2000\/svg\" viewBox=\"0 0 576 512\"><path fill=\"currentColor\" d=\"M139.9 512c-7.062 0-14.09-3.344-18.78-8.969c-4.593-5.5-6.437-12.5-5.187-19.75l26.19-154.8L31.33 218.9c-6.718-6.625-8.999-16-6.093-25.03C28.11 184.8 35.46 178.5 44.83 177.1L197.8 154.5l68.4-140.8C270.3 5.125 278.5 0 287.1 0c9.374 0 17.73 5.25 21.86 13.69L378.2 154.5l152.1 22.62c9.218 1.375 16.72 7.812 19.56 16.78c2.906 9 .6249 18.38-6.093 25l-110.8 109.6l26.19 154.8c1.219 7.312-.6249 14.28-5.187 19.72c-7.093 8.625-19.1 11.5-30.09 6.094L288 436.1l-136.8 73.03C147.7 511 143.9 512 139.9 512zM280.6 20.69L208.5 169.1L47.17 192.9C39.5 194.1 38.23 203.2 42.58 207.5l116.7 115.4l-27.62 163C130.3 494.1 138.7 497.7 143.6 495L288 417.9l144.3 77.03c5.074 2.8 13.28-1.063 11.97-9.031l-27.59-162.1l116.7-115.4c4.376-4.319 2.926-13.44-4.593-14.59l-161.3-23.88l-72.09-148.4C292.5 14.75 283.8 14.07 280.6 20.69z\"><\/path><\/svg><\/div><h3 class=\"ikonka\">Quality <\/h3><div class=\"icon-description\"><p>delivers the highest quality of services, taking into account the needs and expectations of customers<\/p><\/div><\/div><\/div>\n<\/div>\n<\/div>\n<\/div>\n<\/div><\/div>\n\n\n\n<p><\/p>\n","protected":false},"excerpt":{"rendered":"<p>Tele Haus Servis Ltd. belongs to the Vinci group and was established in its current form in 2022, as a result of changes in ownership. However, the history of the company is inseparably connected to the now-defunct companies Tel-Team Investments Ltd. and Tele Haus Poland Ltd. and dates back to 1998. Initially, both companies carried [&hellip;]<\/p>\n","protected":false},"author":1,"featured_media":0,"parent":0,"menu_order":0,"comment_status":"closed","ping_status":"closed","template":"","meta":{"_acf_changed":false,"footnotes":""},"class_list":["post-1232","page","type-page","status-publish","hentry"],"acf":[],"_links":{"self":[{"href":"https:\/\/telehaus.pl\/en\/wp-json\/wp\/v2\/pages\/1232","targetHints":{"allow":["GET"]}}],"collection":[{"href":"https:\/\/telehaus.pl\/en\/wp-json\/wp\/v2\/pages"}],"about":[{"href":"https:\/\/telehaus.pl\/en\/wp-json\/wp\/v2\/types\/page"}],"author":[{"embeddable":true,"href":"https:\/\/telehaus.pl\/en\/wp-json\/wp\/v2\/users\/1"}],"replies":[{"embeddable":true,"href":"https:\/\/telehaus.pl\/en\/wp-json\/wp\/v2\/comments?post=1232"}],"version-history":[{"count":9,"href":"https:\/\/telehaus.pl\/en\/wp-json\/wp\/v2\/pages\/1232\/revisions"}],"predecessor-version":[{"id":1692,"href":"https:\/\/telehaus.pl\/en\/wp-json\/wp\/v2\/pages\/1232\/revisions\/1692"}],"wp:attachment":[{"href":"https:\/\/telehaus.pl\/en\/wp-json\/wp\/v2\/media?parent=1232"}],"curies":[{"name":"wp","href":"https:\/\/api.w.org\/{rel}","templated":true}]}}