{"id":1396,"date":"2021-12-27T14:23:07","date_gmt":"2021-12-27T13:23:07","guid":{"rendered":"https:\/\/telehaus.pl\/?page_id=1396"},"modified":"2026-04-21T13:56:10","modified_gmt":"2026-04-21T11:56:10","slug":"about-us","status":"publish","type":"page","link":"https:\/\/telehaus.pl\/en\/about-us\/","title":{"rendered":"About us"},"content":{"rendered":"\n<div class=\"wp-block-group wow animate__animated animate__fadeIn\"><div class=\"wp-block-group__inner-container is-layout-flow wp-block-group-is-layout-flow\">\n<div class=\"wp-block-columns is-layout-flex wp-container-core-columns-is-layout-9d6595d7 wp-block-columns-is-layout-flex\">\n<div class=\"wp-block-column is-layout-flow wp-block-column-is-layout-flow\" style=\"flex-basis:100%\">\n<div class=\"wp-block-columns is-layout-flex wp-container-core-columns-is-layout-9d6595d7 wp-block-columns-is-layout-flex\">\n<div class=\"wp-block-column is-layout-flow wp-block-column-is-layout-flow\" style=\"flex-basis:66.66%\">\n<p>We are a Polish based company and are a part of the Vinci group, providing services in the telecommunications industry specialising in optical fiber cabel placing. We possess all of the necessary equipment and expertise to be able to execute sophisticated telecommunication installations for the largest operators in Poland.&nbsp;<\/p>\n\n\n\n<p>Our head office is located in Pozna\u0144, Poland, but we also have offices in Krak\u00f3w, Wroc\u0142aw and Koby\u0142ka near Warsaw. The abovementioned locations allow us to execute projects in every part of Poland. This is of crucial importance especially in events of failure Tele Haus Poland is able to carry out all of the maintenance work quickly, effectively and efficiently. We are able to take action immediately and are able to restore the signal in the optical fiber network systems. Due to the fact of operating in all of the voivodeships in Poland we are able to regularly monitor the condition of the network systems and telecommunication conduits.<\/p>\n<\/div>\n\n\n\n<div class=\"wp-block-column is-layout-flow wp-block-column-is-layout-flow\" style=\"flex-basis:33.33%\">\n<figure class=\"wp-block-image size-large\"><img loading=\"lazy\" decoding=\"async\" width=\"990\" height=\"661\" src=\"https:\/\/telehaus.pl\/wp-content\/uploads\/2022\/01\/Projektowanie-sieci-Tele-Haus-Serwis-990x661.jpg\" alt=\"Projektowanie sieci Tele Haus Serwis\" class=\"wp-image-1388\" title=\"\" srcset=\"https:\/\/telehaus.pl\/wp-content\/uploads\/2022\/01\/Projektowanie-sieci-Tele-Haus-Serwis-990x661.jpg 990w, https:\/\/telehaus.pl\/wp-content\/uploads\/2022\/01\/Projektowanie-sieci-Tele-Haus-Serwis-768x513.jpg 768w, https:\/\/telehaus.pl\/wp-content\/uploads\/2022\/01\/Projektowanie-sieci-Tele-Haus-Serwis-1200x801.jpg 1200w, https:\/\/telehaus.pl\/wp-content\/uploads\/2022\/01\/Projektowanie-sieci-Tele-Haus-Serwis-522x348.jpg 522w, https:\/\/telehaus.pl\/wp-content\/uploads\/2022\/01\/Projektowanie-sieci-Tele-Haus-Serwis.jpg 1500w\" sizes=\"auto, (max-width: 990px) 100vw, 990px\" \/><\/figure>\n<\/div>\n<\/div>\n\n\n\n<h3 class=\"wp-block-heading has-text-align-center pb-4 pt-4\"><strong><strong>We specialise in:<\/strong><\/strong><\/h3>\n\n\n\n<div class=\"wp-block-columns is-layout-flex wp-container-core-columns-is-layout-9d6595d7 wp-block-columns-is-layout-flex\">\n<div class=\"wp-block-column is-layout-flow wp-block-column-is-layout-flow\"><div class=\"icon-item position-relative\"><div class=\"ikonka-rozmiar\"><img decoding=\"async\" src=\"https:\/\/telehaus.pl\/wp-content\/uploads\/2022\/01\/Projektowanie-kabli-swiatlowodowych.png\" alt=\"\" title=\"\"><\/div><h3 class=\"ikonka\">Designing optical fiber <\/h3><div class=\"icon-description\"><p>Designing optical fiber networks and telecommunication conduits<\/p><\/div><\/div><\/div>\n\n\n\n<div class=\"wp-block-column is-layout-flow wp-block-column-is-layout-flow\"><div class=\"icon-item position-relative\"><div class=\"ikonka-rozmiar\"><img decoding=\"async\" src=\"https:\/\/telehaus.pl\/wp-content\/uploads\/2022\/01\/Budowa-sieci-swiatlowodowych.png\" alt=\"\" title=\"\"><\/div><h3 class=\"ikonka\">Constructing optical fiber <\/h3><div class=\"icon-description\"><p>Constructing optical fiber networks and teletechnical conduits<\/p><\/div><\/div><\/div>\n\n\n\n<div class=\"wp-block-column is-layout-flow wp-block-column-is-layout-flow\"><div class=\"icon-item position-relative\"><div class=\"ikonka-rozmiar\"><img decoding=\"async\" src=\"https:\/\/telehaus.pl\/wp-content\/uploads\/2022\/01\/Przewierty-sterowane.png\" alt=\"\" title=\"\"><\/div><h3 class=\"ikonka\">Controlled drilling<\/h3><div class=\"icon-description\"><p>Controlled drilling, allowing a trenchless execution of any underground conduit systems<\/p><\/div><\/div><\/div>\n\n\n\n<div class=\"wp-block-column is-layout-flow wp-block-column-is-layout-flow\"><div class=\"icon-item position-relative\"><div class=\"ikonka-rozmiar\"><img decoding=\"async\" src=\"https:\/\/telehaus.pl\/wp-content\/uploads\/2022\/01\/Uslugi-utrzymania-i-rozbudowy-sieci.png\" alt=\"\" title=\"\"><\/div><h3 class=\"ikonka\">Providing maintenance and expansion services <\/h3><div class=\"icon-description\"><p>Providing maintenance and expansion services of optical fiber network systems<\/p><\/div><\/div><\/div>\n\n\n\n<div class=\"wp-block-column is-layout-flow wp-block-column-is-layout-flow\"><div class=\"icon-item position-relative\"><div class=\"ikonka-rozmiar\"><img decoding=\"async\" src=\"https:\/\/telehaus.pl\/wp-content\/uploads\/2022\/01\/Wydawanie-warunkow-technicznych.png\" alt=\"\" title=\"\"><\/div><h3 class=\"ikonka\">Technical documentation<\/h3><div class=\"icon-description\"><p>Providing project management technical documentation, conditions and issuing approvals of executed projects<\/p><\/div><\/div><\/div>\n<\/div>\n\n\n\n<div class=\"wp-block-columns is-layout-flex wp-container-core-columns-is-layout-9d6595d7 wp-block-columns-is-layout-flex\">\n<div class=\"wp-block-column is-layout-flow wp-block-column-is-layout-flow\">\n<p>Having gained the necessary experience while working with demanding clients such as T-Mobile Joint Stock Company, PERN Joint Stock Company, or Sitel Poland Ltd., as well as having qualified staff and modern equipment allow us to provide services at the highest level.<\/p>\n\n\n\n<p>Our aim is to focus on meeting the needs and expectations of our customers, while offering process and cost optimisation. We are commited to providing professional, high quality services paying strict attention to deadlines.<\/p>\n\n\n\n<div class=\"wp-block-buttons is-layout-flex wp-block-buttons-is-layout-flex\">\n<div class=\"wp-block-button\"><a class=\"wp-block-button__link wp-element-button\" href=\"https:\/\/telehaus.pl\/en\/company-history\/\">Company history<\/a><\/div>\n<\/div>\n<\/div>\n\n\n\n<div class=\"wp-block-column is-layout-flow wp-block-column-is-layout-flow\">\n<figure class=\"wp-block-image size-full\"><img loading=\"lazy\" decoding=\"async\" width=\"393\" height=\"132\" src=\"https:\/\/telehaus.pl\/wp-content\/uploads\/2022\/01\/Logo.png\" alt=\"Logo\" class=\"wp-image-1283\" title=\"\" srcset=\"https:\/\/telehaus.pl\/wp-content\/uploads\/2022\/01\/Logo.png 393w, https:\/\/telehaus.pl\/wp-content\/uploads\/2022\/01\/Logo-300x101.png 300w\" sizes=\"auto, (max-width: 393px) 100vw, 393px\" \/><\/figure>\n<\/div>\n<\/div>\n<\/div>\n<\/div>\n<\/div><\/div>\n\n\n\n<p><\/p>\n","protected":false},"excerpt":{"rendered":"<p>We are a Polish based company and are a part of the Vinci group, providing services in the telecommunications industry specialising in optical fiber cabel placing. We possess all of the necessary equipment and expertise to be able to execute sophisticated telecommunication installations for the largest operators in Poland.&nbsp; Our head office is located in [&hellip;]<\/p>\n","protected":false},"author":1,"featured_media":0,"parent":0,"menu_order":0,"comment_status":"closed","ping_status":"closed","template":"","meta":{"_acf_changed":false,"footnotes":""},"class_list":["post-1396","page","type-page","status-publish","hentry"],"acf":[],"_links":{"self":[{"href":"https:\/\/telehaus.pl\/en\/wp-json\/wp\/v2\/pages\/1396","targetHints":{"allow":["GET"]}}],"collection":[{"href":"https:\/\/telehaus.pl\/en\/wp-json\/wp\/v2\/pages"}],"about":[{"href":"https:\/\/telehaus.pl\/en\/wp-json\/wp\/v2\/types\/page"}],"author":[{"embeddable":true,"href":"https:\/\/telehaus.pl\/en\/wp-json\/wp\/v2\/users\/1"}],"replies":[{"embeddable":true,"href":"https:\/\/telehaus.pl\/en\/wp-json\/wp\/v2\/comments?post=1396"}],"version-history":[{"count":12,"href":"https:\/\/telehaus.pl\/en\/wp-json\/wp\/v2\/pages\/1396\/revisions"}],"predecessor-version":[{"id":1734,"href":"https:\/\/telehaus.pl\/en\/wp-json\/wp\/v2\/pages\/1396\/revisions\/1734"}],"wp:attachment":[{"href":"https:\/\/telehaus.pl\/en\/wp-json\/wp\/v2\/media?parent=1396"}],"curies":[{"name":"wp","href":"https:\/\/api.w.org\/{rel}","templated":true}]}}