{"id":1404,"date":"2021-12-27T14:22:41","date_gmt":"2021-12-27T13:22:41","guid":{"rendered":"https:\/\/telehaus.pl\/?page_id=1404"},"modified":"2024-12-06T13:05:53","modified_gmt":"2024-12-06T12:05:53","slug":"home","status":"publish","type":"page","link":"https:\/\/telehaus.pl\/en\/","title":{"rendered":"Home"},"content":{"rendered":"<\/div>\n<div id=\"slider-block_63e2fd4985697dba4902fb42a51f674b\" class=\"slider alignfull\">\n    \t\t<div class=\"swiper-container\">\n\t\t<div class=\"swiper-wrapper\">\n\t\t\t\t\t\t\t\n\t\t\t\t\n\t\t\t\t\t<div class=\"swiper-slide headerimageslider\" style=\"background-image: url(https:\/\/telehaus.pl\/wp-content\/uploads\/2022\/01\/Tele-Haus-sieci-swiatlowodowe.jpg)\"><div class=\"carousel-caption\"><h2 class=\"headerslider\">Designing optical fiber network systems<\/h2><a href=\"https:\/\/telehaus.pl\/en\/offer\/designing-optical-fiber-network-systems\/\" role=\"button\" class=\"btn btn-custom\">Read more<\/a><\/div><\/div>\t\t\t\n\t\t\t\t\t\t\t\n\t\t\t\t\n\t\t\t\t\t<div class=\"swiper-slide headerimageslider\" style=\"background-image: url(https:\/\/telehaus.pl\/wp-content\/uploads\/2022\/01\/tele-haus-sieci.jpg)\"><div class=\"carousel-caption\"><h2 class=\"headerslider\">Network maintenance and network restructuring services<\/h2><a href=\"https:\/\/telehaus.pl\/en\/offer\/network-maintenance-and-network-restructuring-services\/\" role=\"button\" class=\"btn btn-custom\">Read more<\/a><\/div><\/div>\t\t\t\n\t\t\t\t\t\t\t\n\t\t\t\t\n\t\t\t\t\t<div class=\"swiper-slide headerimageslider\" style=\"background-image: url(https:\/\/telehaus.pl\/wp-content\/uploads\/2022\/01\/przewierty-sterowane.jpg)\"><div class=\"carousel-caption\"><h2 class=\"headerslider\">The construction of fibre optic networks<\/h2><a href=\"https:\/\/telehaus.pl\/en\/offer\/the-construction-of-fibre-optic-networks\/\" role=\"button\" class=\"btn btn-custom\">Read more<\/a><\/div><\/div>\t\t\t\n\t\t\t\t\t<\/div>\n\t\t\n\t\t<!-- Add Pagination -->\n <div class=\"swiper-pagination\"><\/div>\n <div class=\"swiper-button-prev\"><\/div>\n    <div class=\"swiper-button-next\"><\/div>\n\t\t<\/div>\n\t<\/div>\n \n \n <div class=\"container\">\n\n\n<div class=\"wp-block-columns pt-5 pb-3 wow animate__animated animate__fadeIn is-layout-flex wp-container-core-columns-is-layout-9d6595d7 wp-block-columns-is-layout-flex\">\n<div class=\"wp-block-column is-layout-flow wp-block-column-is-layout-flow\"><div class=\"icon-item position-relative\"><a href=\"https:\/\/telehaus.pl\/en\/offer\/designing-optical-fiber-network-systems\/\" class=\"stretched-link\"><\/a><div class=\"ikonka-rozmiar\"><img decoding=\"async\" src=\"https:\/\/telehaus.pl\/wp-content\/uploads\/2022\/01\/Projektowanie-kabli-swiatlowodowych.png\" alt=\"\" title=\"\"><\/div><h3 class=\"ikonka\">Designing optical fiber network systems<\/h3><\/div><\/div>\n\n\n\n<div class=\"wp-block-column is-layout-flow wp-block-column-is-layout-flow\"><div class=\"icon-item position-relative\"><a href=\"https:\/\/telehaus.pl\/en\/offer\/the-construction-of-fibre-optic-networks\/\" class=\"stretched-link\"><\/a><div class=\"ikonka-rozmiar\"><img decoding=\"async\" src=\"https:\/\/telehaus.pl\/wp-content\/uploads\/2022\/01\/Budowa-sieci-swiatlowodowych.png\" alt=\"\" title=\"\"><\/div><h3 class=\"ikonka\">The construction of fibre optic networks<\/h3><\/div><\/div>\n\n\n\n<div class=\"wp-block-column is-layout-flow wp-block-column-is-layout-flow\"><div class=\"icon-item position-relative\"><a href=\"https:\/\/telehaus.pl\/en\/offer\/network-maintenance-and-network-restructuring-services\/\" class=\"stretched-link\"><\/a><div class=\"ikonka-rozmiar\"><img decoding=\"async\" src=\"https:\/\/telehaus.pl\/wp-content\/uploads\/2022\/01\/Uslugi-utrzymania-i-rozbudowy-sieci.png\" alt=\"\" title=\"\"><\/div><h3 class=\"ikonka\">Network maintenance and network restructuring services<\/h3><\/div><\/div>\n<\/div>\n\n\n<\/div>\n<div class=\" wow animate__animated animate__fadeIn parallax2 alignfull\" style=\"background-image: url(https:\/\/telehaus.pl\/wp-content\/uploads\/2024\/10\/IMG_20241007_104442-2.jpg)\"><div class=\"paralax_block container\"><\/div><\/div>\n\n\n<div class=\"container-fluid bgb\"><div class=\"container\">\n\n\n\n<div class=\"wp-block-columns is-layout-flex wp-container-core-columns-is-layout-9d6595d7 wp-block-columns-is-layout-flex\">\n<div class=\"wp-block-column wow animate__animated animate__fadeIn is-layout-flow wp-block-column-is-layout-flow\"><div class=\"col-lg-3 col-md-3 col-sm-3 col-xs-12\"> <div class=\"counter-style\"><span data-purecounter-start=\"0\" data-purecounter-end=\"5\" class=\"purecounter\"><\/span><p class=\"big-counter\">locations<\/p><p>We execute projects efficiently and effectively all over Poland. <\/p><\/div><\/div>\n<\/div>\n\n\n\n<div class=\"wp-block-column is-layout-flow wp-block-column-is-layout-flow\"><div class=\"col-lg-3 col-md-3 col-sm-3 col-xs-12\"> <div class=\"counter-style\"><span data-purecounter-start=\"0\" data-purecounter-end=\"6000\" class=\"purecounter\"><\/span><p class=\"big-counter\">km of optical fibre network systems<\/p><p>We provide maintenence services for 6000 km of optical fiber network systems<\/p><\/div><\/div>\n<\/div>\n\n\n\n<div class=\"wp-block-column is-layout-flow wp-block-column-is-layout-flow\"><div class=\"col-lg-3 col-md-3 col-sm-3 col-xs-12\"> <div class=\"counter-style\"><span data-purecounter-start=\"0\" data-purecounter-end=\"2000 \" class=\"purecounter\"><\/span><p class=\"big-counter\">projects per year<\/p><p>On an annual basis we professionally execute over 2000 projects<\/p><\/div><\/div>\n<\/div>\n<\/div>\n\n\n\n<\/div><\/div>\n\n\n\n<div class=\"wp-block-columns wow animate__animated animate__fadeIn pt-3 pb-3 container is-layout-flex wp-container-core-columns-is-layout-9d6595d7 wp-block-columns-is-layout-flex\">\n<div class=\"wp-block-column is-vertically-aligned-center is-layout-flow wp-block-column-is-layout-flow\">\n<h2 class=\"wp-block-heading\">About Us<\/h2>\n\n\n\n<p>We are a Polish based company and are a part of the Vinci group, providing services in the telecommunications industry specialising in optical fiber cabel placing. We possess all of the necessary equipment and expertise to be able to execute sophisticated telecommunication installations for the largest operators in Poland.&nbsp;<\/p>\n\n\n\n<p>Our head office is located in Pozna\u0144, Poland, but we also have offices in Gda\u0144sk, Krak\u00f3w, Wroc\u0142aw and Koby\u0142ka near Warsaw. The abovementioned locations allow us to execute projects in every part of Poland. This is of crucial importance especially in events of failure Tele Haus Servis is able to carry out all of the maintenance work quickly, effectively and efficiently. We are able to take action immediately and are able to restore the signal in the optical fiber network systems. Due to the fact of operating in all of the voivodeships in Poland we are able to regularly monitor the condition of the network systems and telecommunication conduits.<\/p>\n\n\n\n<div class=\"wp-block-buttons is-layout-flex wp-block-buttons-is-layout-flex\">\n<div class=\"wp-block-button\"><a class=\"wp-block-button__link wp-element-button\" href=\"https:\/\/telehaus.pl\/en\/company-history\/\">Company history<\/a><\/div>\n<\/div>\n<\/div>\n\n\n\n<div class=\"wp-block-column is-layout-flow wp-block-column-is-layout-flow\">\n<figure class=\"wp-block-image size-large\"><img loading=\"lazy\" decoding=\"async\" width=\"990\" height=\"661\" src=\"https:\/\/telehaus.pl\/wp-content\/uploads\/2022\/01\/Projektowanie-sieci-Tele-Haus-Serwis-990x661.jpg\" alt=\"Projektowanie sieci Tele Haus Serwis\" class=\"wp-image-1388\" title=\"\" srcset=\"https:\/\/telehaus.pl\/wp-content\/uploads\/2022\/01\/Projektowanie-sieci-Tele-Haus-Serwis-990x661.jpg 990w, https:\/\/telehaus.pl\/wp-content\/uploads\/2022\/01\/Projektowanie-sieci-Tele-Haus-Serwis-768x513.jpg 768w, https:\/\/telehaus.pl\/wp-content\/uploads\/2022\/01\/Projektowanie-sieci-Tele-Haus-Serwis-1200x801.jpg 1200w, https:\/\/telehaus.pl\/wp-content\/uploads\/2022\/01\/Projektowanie-sieci-Tele-Haus-Serwis-522x348.jpg 522w, https:\/\/telehaus.pl\/wp-content\/uploads\/2022\/01\/Projektowanie-sieci-Tele-Haus-Serwis.jpg 1500w\" sizes=\"auto, (max-width: 990px) 100vw, 990px\" \/><\/figure>\n<\/div>\n<\/div>\n\n\n\n<div class=\"container-fluid bgb\"><div class=\"container pt-4 pb-4\">\n\n\n\n<div class=\"wp-block-group wow animate__animated animate__fadeIn\"><div class=\"wp-block-group__inner-container is-layout-flow wp-block-group-is-layout-flow\">\n<h2 class=\"wp-block-heading has-text-align-center pt-4\">What is the competitive advantage of Tele Haus Servis Ltd.?<\/h2>\n\n\n\n<div class=\"wp-block-columns is-layout-flex wp-container-core-columns-is-layout-9d6595d7 wp-block-columns-is-layout-flex\">\n<div class=\"wp-block-column is-layout-flow wp-block-column-is-layout-flow\"><div class=\"icon-item position-relative\"><div class=\"ikonka-rozmiar\"><svg aria-hidden=\"true\" focusable=\"false\" data-prefix=\"fal\" data-icon=\"star\" class=\"svg-inline--fa fa-star fa-w-18\" role=\"img\" xmlns=\"http:\/\/www.w3.org\/2000\/svg\" viewBox=\"0 0 576 512\"><path fill=\"currentColor\" d=\"M528.1 171.5L382 150.2 316.7 17.8c-11.7-23.6-45.6-23.9-57.4 0L194 150.2 47.9 171.5c-26.2 3.8-36.7 36.1-17.7 54.6l105.7 103-25 145.5c-4.5 26.3 23.2 46 46.4 33.7L288 439.6l130.7 68.7c23.2 12.2 50.9-7.4 46.4-33.7l-25-145.5 105.7-103c19-18.5 8.5-50.8-17.7-54.6zM405.8 317.9l27.8 162L288 403.5 142.5 480l27.8-162L52.5 203.1l162.7-23.6L288 32l72.8 147.5 162.7 23.6-117.7 114.8z\"><\/path><\/svg><\/div><h3 class=\"ikonka\">Quality guarantee<\/h3><\/div><\/div>\n\n\n\n<div class=\"wp-block-column is-layout-flow wp-block-column-is-layout-flow\"><div class=\"icon-item position-relative\"><div class=\"ikonka-rozmiar\"><svg aria-hidden=\"true\" focusable=\"false\" data-prefix=\"fal\" data-icon=\"user-tie\" class=\"svg-inline--fa fa-user-tie fa-w-14\" role=\"img\" xmlns=\"http:\/\/www.w3.org\/2000\/svg\" viewBox=\"0 0 448 512\"><path fill=\"currentColor\" d=\"M224 256c70.7 0 128-57.3 128-128S294.7 0 224 0 96 57.3 96 128s57.3 128 128 128zm0-224c52.9 0 96 43.1 96 96s-43.1 96-96 96-96-43.1-96-96 43.1-96 96-96zm91.9 272.2L276.2 442l-33.9-101.7 25-25c10.1-10.1 2.9-27.3-11.3-27.3h-64c-14.3 0-21.4 17.2-11.3 27.3l25 25L171.8 442l-39.7-137.7C58.9 305.5 0 365 0 438.4V464c0 26.5 21.5 48 48 48h352c26.5 0 48-21.5 48-48v-25.6c0-73.4-58.9-132.9-132.1-134.2zM48 480c-8.8 0-16-7.2-16-16v-25.6c0-47.2 32.8-87.5 76.9-98.9L149.5 480H48zm144.9 0l31.1-93.4 31.1 93.4h-62.2zM416 464c0 8.8-7.2 16-16 16H298.5L339 339.5c44.1 11.4 76.9 51.7 76.9 98.9V464z\"><\/path><\/svg><\/div><h3 class=\"ikonka\">A professional execution of all projects<\/h3><\/div><\/div>\n\n\n\n<div class=\"wp-block-column is-layout-flow wp-block-column-is-layout-flow\"><div class=\"icon-item position-relative\"><div class=\"ikonka-rozmiar\"><svg aria-hidden=\"true\" focusable=\"false\" data-prefix=\"fal\" data-icon=\"calendar-check\" class=\"svg-inline--fa fa-calendar-check fa-w-14\" role=\"img\" xmlns=\"http:\/\/www.w3.org\/2000\/svg\" viewBox=\"0 0 448 512\"><path fill=\"currentColor\" d=\"M400 64h-48V12c0-6.627-5.373-12-12-12h-8c-6.627 0-12 5.373-12 12v52H128V12c0-6.627-5.373-12-12-12h-8c-6.627 0-12 5.373-12 12v52H48C21.49 64 0 85.49 0 112v352c0 26.51 21.49 48 48 48h352c26.51 0 48-21.49 48-48V112c0-26.51-21.49-48-48-48zM48 96h352c8.822 0 16 7.178 16 16v48H32v-48c0-8.822 7.178-16 16-16zm352 384H48c-8.822 0-16-7.178-16-16V192h384v272c0 8.822-7.178 16-16 16zm-66.467-194.937l-134.791 133.71c-4.7 4.663-12.288 4.642-16.963-.046l-67.358-67.552c-4.683-4.697-4.672-12.301.024-16.985l8.505-8.48c4.697-4.683 12.301-4.672 16.984.024l50.442 50.587 117.782-116.837c4.709-4.671 12.313-4.641 16.985.068l8.458 8.527c4.672 4.709 4.641 12.313-.068 16.984z\"><\/path><\/svg><\/div><h3 class=\"ikonka\">Punctuality and on time execution of projects<\/h3><\/div><\/div>\n\n\n\n<div class=\"wp-block-column is-layout-flow wp-block-column-is-layout-flow\"><div class=\"icon-item position-relative\"><div class=\"ikonka-rozmiar\"><svg aria-hidden=\"true\" focusable=\"false\" data-prefix=\"fal\" data-icon=\"hands-helping\" class=\"svg-inline--fa fa-hands-helping fa-w-20\" role=\"img\" xmlns=\"http:\/\/www.w3.org\/2000\/svg\" viewBox=\"0 0 640 512\"><path fill=\"currentColor\" d=\"M638.9 209.7l-8-13.9c-2.2-3.8-7.1-5.1-10.9-2.9l-108 63V240c0-26.5-21.5-48-48-48H320v62.2c0 16-10.9 30.8-26.6 33.3-20 3.3-37.4-12.2-37.4-31.6v-94.3c0-13.8 7.1-26.6 18.8-33.9l33.4-20.9c11.4-7.1 24.6-10.9 38.1-10.9h103.2l118.5-67c3.8-2.2 5.2-7.1 3-10.9l-8-14c-2.2-3.8-7.1-5.2-10.9-3l-111 63h-94.7c-19.5 0-38.6 5.5-55.1 15.8l-33.5 20.9c-17.5 11-28.7 28.6-32.2 48.5l-62.5 37c-21.6 13-35.1 36.7-35.1 61.9v38.6L4 357.1c-3.8 2.2-5.2 7.1-3 10.9l8 13.9c2.2 3.8 7.1 5.2 10.9 3L160 305.3v-57.2c0-14 7.5-27.2 19.4-34.4l44.6-26.4v65.9c0 33.4 24.3 63.3 57.6 66.5 38.1 3.7 70.4-26.3 70.4-63.7v-32h112c8.8 0 16 7.2 16 16v32c0 8.8-7.2 16-16 16h-24v36c0 19.8-16 35.8-35.8 35.8h-16.1v16c0 22.2-18 40.2-40.2 40.2H238.5l-115.6 67.3c-3.8 2.2-5.1 7.1-2.9 10.9l8 13.8c2.2 3.8 7.1 5.1 10.9 2.9L247.1 448h100.8c34.8 0 64-24.8 70.8-57.7 30.4-6.7 53.3-33.9 53.3-66.3v-4.7c13.6-2.3 24.6-10.6 31.8-21.7l132.2-77c3.8-2.2 5.1-7.1 2.9-10.9z\"><\/path><\/svg><\/div><h3 class=\"ikonka\">Experience and expertise in the area of optical fibre network systems <\/h3><\/div><\/div>\n<\/div>\n<\/div><\/div>\n\n\n\n<\/div><\/div>\n\n\n\n<div class=\"wp-block-group wow animate__animated animate__fadeIn pt-5\"><div class=\"wp-block-group__inner-container is-layout-flow wp-block-group-is-layout-flow\">\n<h2 class=\"wp-block-heading has-text-align-center pt-4\">Realizations<\/h2>\n\n\n\n<p class=\"has-text-align-center container\">Annually, Tele Haus Ltd. carries out about two thousand projects in the field of design, construction and maintenance of telecommunication networks \u2013 each of them is equally important to us and we approach each one with the same commitment, bearing in mind the satisfaction of our clients.&nbsp;<\/p>\n<\/div><\/div>\n\n\n\n<div class=\"wp-block-group container\"><div class=\"wp-block-group__inner-container is-layout-flow wp-block-group-is-layout-flow\">\n<div class=\"wp-block-columns pb-1 mb-1 wow animate__animated animate__fadeIn is-layout-flex wp-container-core-columns-is-layout-9d6595d7 wp-block-columns-is-layout-flex\">\n<div class=\"wp-block-column row is-layout-flow wp-block-column-is-layout-flow\"><div class=\"position-relative col-md-8 px-1 pb-1\"> <div class=\"col-boot lazy kolor\" style=\"background: url(https:\/\/telehaus.pl\/wp-content\/uploads\/2021\/12\/Tele-haus-www.jpg); background-position: center; background-size: cover; background-repeat: no-repeat;\"><\/div><\/div>\n\n\n<div class=\"position-relative col-md-4 px-1 pb-1\"> <div class=\"col-boot lazy kolor\" style=\"background: url(https:\/\/telehaus.pl\/wp-content\/uploads\/2021\/12\/Tele-haus-swiatlowody.jpg); background-position: center; background-size: cover; background-repeat: no-repeat;\"><\/div><\/div>\n<\/div>\n<\/div>\n\n\n\n<div class=\"wp-block-columns is-layout-flex wp-container-core-columns-is-layout-9d6595d7 wp-block-columns-is-layout-flex\">\n<div class=\"wp-block-column row wow animate__animated animate__fadeIn is-layout-flow wp-block-column-is-layout-flow\"><div class=\"position-relative col-md-4 px-1 pb-1\"> <div class=\"col-boot lazy kolor\" style=\"background: url(https:\/\/telehaus.pl\/wp-content\/uploads\/2021\/12\/PART_1624275788023.jpg); background-position: center; background-size: cover; background-repeat: no-repeat;\"><\/div><\/div>\n\n\n<div class=\"position-relative col-md-4 px-1 pb-1\"> <div class=\"col-boot lazy kolor\" style=\"background: url(https:\/\/telehaus.pl\/wp-content\/uploads\/2021\/12\/Swiatlowod-Poznan.jpg); background-position: center; background-size: cover; background-repeat: no-repeat;\"><\/div><\/div>\n\n\n<div class=\"position-relative col-md-4 px-1 pb-1\"> <a href=\"https:\/\/telehaus.pl\/en\/realizations\/\" class=\"stretched-link\"><\/a><div class=\"col-boot lazy green-op\" style=\"background: url(https:\/\/telehaus.pl\/wp-content\/uploads\/2021\/12\/Tele-haus-realizacje.jpg); background-position: center; background-size: cover; background-repeat: no-repeat;\"><div class=\"position-absolute bottom-0 start-5\"><h3 class=\"ikonka\">Realizations<\/h3><\/div><\/div>\n<\/div>\n<\/div>\n<\/div><\/div>\n\n\n\n<div class=\"wp-block-group wow animate__animated animate__fadeIn\"><div class=\"wp-block-group__inner-container is-layout-flow wp-block-group-is-layout-flow\">\n<h2 class=\"wp-block-heading has-text-align-center pt-4\">Cooperation<\/h2>\n\n\n\n<div class=\"wp-block-columns is-layout-flex wp-container-core-columns-is-layout-9d6595d7 wp-block-columns-is-layout-flex\">\n<div class=\"wp-block-column is-layout-flow wp-block-column-is-layout-flow\">\n<figure class=\"wp-block-image size-full\"><img loading=\"lazy\" decoding=\"async\" width=\"295\" height=\"148\" src=\"https:\/\/telehaus.pl\/wp-content\/uploads\/2022\/01\/randm.png\" alt=\"Randm\" class=\"wp-image-1242\" title=\"\"><\/figure>\n<\/div>\n\n\n\n<div class=\"wp-block-column is-layout-flow wp-block-column-is-layout-flow\">\n<figure class=\"wp-block-image size-full\"><img loading=\"lazy\" decoding=\"async\" width=\"295\" height=\"148\" src=\"https:\/\/telehaus.pl\/wp-content\/uploads\/2022\/01\/t-mobile.jpg\" alt=\"T Mobile\" class=\"wp-image-1392\" title=\"\"><\/figure>\n<\/div>\n\n\n\n<div class=\"wp-block-column is-layout-flow wp-block-column-is-layout-flow\">\n<figure class=\"wp-block-image size-full\"><img loading=\"lazy\" decoding=\"async\" width=\"295\" height=\"148\" src=\"https:\/\/telehaus.pl\/wp-content\/uploads\/2022\/01\/fca.png\" alt=\"Fca\" class=\"wp-image-1241\" title=\"\"><\/figure>\n<\/div>\n\n\n\n<div class=\"wp-block-column is-layout-flow wp-block-column-is-layout-flow\">\n<figure class=\"wp-block-image size-full\"><img loading=\"lazy\" decoding=\"async\" width=\"295\" height=\"148\" src=\"https:\/\/telehaus.pl\/wp-content\/uploads\/2022\/01\/hm.jpg\" alt=\"Ekotel Projekt Loga\" class=\"wp-image-1284\" title=\"\"><\/figure>\n<\/div>\n\n\n\n<div class=\"wp-block-column is-layout-flow wp-block-column-is-layout-flow\">\n<figure class=\"wp-block-image size-full\"><img loading=\"lazy\" decoding=\"async\" width=\"295\" height=\"148\" src=\"https:\/\/telehaus.pl\/wp-content\/uploads\/2022\/01\/sitel.png\" alt=\"Sitel\" class=\"wp-image-1363\" title=\"\"><\/figure>\n<\/div>\n\n\n\n<div class=\"wp-block-column is-layout-flow wp-block-column-is-layout-flow\">\n<figure class=\"wp-block-image size-full\"><img loading=\"lazy\" decoding=\"async\" width=\"295\" height=\"148\" src=\"https:\/\/telehaus.pl\/wp-content\/uploads\/2022\/01\/Ekotel-logo-na-faktury.jpg\" alt=\"Ekotel Projekt Loga\" class=\"wp-image-1243\" title=\"\"><\/figure>\n<\/div>\n\n\n\n<div class=\"wp-block-column is-layout-flow wp-block-column-is-layout-flow\"><\/div>\n<\/div>\n<\/div><\/div>\n\n\n\n<\/div><div class=\"container-fluid bgb\"><div class=\"container pt-4 pb-4\">\n\n\n\n<div class=\"wp-block-group wow animate__animated animate__fadeIn\"><div class=\"wp-block-group__inner-container is-layout-flow wp-block-group-is-layout-flow\">\n<h2 class=\"wp-block-heading has-text-align-center pt-3\">News<\/h2>\n\n\n<ul class=\"wp-block-latest-posts__list is-grid columns-3 has-dates wp-block-latest-posts\"><li><a class=\"wp-block-latest-posts__post-title\" href=\"https:\/\/telehaus.pl\/en\/changes-in-the-regions-of-krakow\/\">Changes in the regions of Krak\u00f3w<\/a><time datetime=\"2022-01-20T15:32:10+01:00\" class=\"wp-block-latest-posts__post-date\">20 January 2022<\/time><div class=\"wp-block-latest-posts__post-excerpt\">The southern regions of Poland are definitely more difficult than executing work in other regions in Poland, but the constructions commissioned by Tele Haus Servis Ltd. in the Krakow region are considered as one of the most challenging especially in winter time. The main installation in the Zabrze Economic Zone has been completed, as well\u2026 <a class=\"wp-block-latest-posts__read-more\" href=\"https:\/\/telehaus.pl\/en\/changes-in-the-regions-of-krakow\/\" rel=\"noopener noreferrer\">Read more<span class=\"screen-reader-text\">: Changes in the regions of Krak\u00f3w<\/span><\/a><\/div><\/li>\n<li><a class=\"wp-block-latest-posts__post-title\" href=\"https:\/\/telehaus.pl\/en\/activities-taking-place-in-the-region-of-warsaw\/\">Activities taking place in the region of Warsaw<\/a><time datetime=\"2022-01-18T15:27:00+01:00\" class=\"wp-block-latest-posts__post-date\">18 January 2022<\/time><div class=\"wp-block-latest-posts__post-excerpt\">The beginning of the year has been a time of intensive construction work for Tele Haus Servis Ltd. especially at the construction sites mainly due to the favourable winter weather conditions. In Warsaw we have successfully completed a connection for MPWiK. After having won the contract in a tender procedure Tele Haus Ltd. needed only\u2026 <a class=\"wp-block-latest-posts__read-more\" href=\"https:\/\/telehaus.pl\/en\/activities-taking-place-in-the-region-of-warsaw\/\" rel=\"noopener noreferrer\">Read more<span class=\"screen-reader-text\">: Activities taking place in the region of Warsaw<\/span><\/a><\/div><\/li>\n<li><a class=\"wp-block-latest-posts__post-title\" href=\"https:\/\/telehaus.pl\/en\/new-maintenance-agreement-with-pern-joint-stock-company\/\">New maintenance agreement with PERN Joint-Stock Company<\/a><time datetime=\"2021-12-31T15:26:00+01:00\" class=\"wp-block-latest-posts__post-date\">31 December 2021<\/time><div class=\"wp-block-latest-posts__post-excerpt\">We are pleased to announce that Tele Haus Servis Ltd. has won the procedure, initiated by the participation in the tender in accordance to the ToR regulations (Invitation to Tender), for services consisting of the stand-by and removal of failures on optical fibre cable lines on a 7\/24, for 365 days a year for the\u2026 <a class=\"wp-block-latest-posts__read-more\" href=\"https:\/\/telehaus.pl\/en\/new-maintenance-agreement-with-pern-joint-stock-company\/\" rel=\"noopener noreferrer\">Read more<span class=\"screen-reader-text\">: New maintenance agreement with PERN Joint-Stock Company<\/span><\/a><\/div><\/li>\n<\/ul><\/div><\/div>\n\n\n\n<\/div>\n","protected":false},"excerpt":{"rendered":"<p>About Us We are a Polish based company and are a part of the Vinci group, providing services in the telecommunications industry specialising in optical fiber cabel placing. We possess all of the necessary equipment and expertise to be able to execute sophisticated telecommunication installations for the largest operators in Poland.&nbsp; Our head office is [&hellip;]<\/p>\n","protected":false},"author":1,"featured_media":0,"parent":0,"menu_order":0,"comment_status":"closed","ping_status":"closed","template":"","meta":{"_acf_changed":false,"footnotes":""},"class_list":["post-1404","page","type-page","status-publish","hentry"],"acf":[],"_links":{"self":[{"href":"https:\/\/telehaus.pl\/en\/wp-json\/wp\/v2\/pages\/1404","targetHints":{"allow":["GET"]}}],"collection":[{"href":"https:\/\/telehaus.pl\/en\/wp-json\/wp\/v2\/pages"}],"about":[{"href":"https:\/\/telehaus.pl\/en\/wp-json\/wp\/v2\/types\/page"}],"author":[{"embeddable":true,"href":"https:\/\/telehaus.pl\/en\/wp-json\/wp\/v2\/users\/1"}],"replies":[{"embeddable":true,"href":"https:\/\/telehaus.pl\/en\/wp-json\/wp\/v2\/comments?post=1404"}],"version-history":[{"count":17,"href":"https:\/\/telehaus.pl\/en\/wp-json\/wp\/v2\/pages\/1404\/revisions"}],"predecessor-version":[{"id":1710,"href":"https:\/\/telehaus.pl\/en\/wp-json\/wp\/v2\/pages\/1404\/revisions\/1710"}],"wp:attachment":[{"href":"https:\/\/telehaus.pl\/en\/wp-json\/wp\/v2\/media?parent=1404"}],"curies":[{"name":"wp","href":"https:\/\/api.w.org\/{rel}","templated":true}]}}